{"id":6497,"date":"2026-01-21T13:35:28","date_gmt":"2026-01-21T13:35:28","guid":{"rendered":"https:\/\/haventechstore.com\/?post_type=product&#038;p=6497"},"modified":"2026-01-21T13:59:17","modified_gmt":"2026-01-21T13:59:17","slug":"congelateur-blanc","status":"publish","type":"product","link":"https:\/\/haventechstore.com\/fr\/produit\/congelateur-blanc\/","title":{"rendered":"Cong\u00e9lateur Blanc"},"content":{"rendered":"<p>Perfect for unwinding \u2013 stream or download your favorite shows and movies from Netflix, Prime Video, Disney+, and others (subscription for some apps required). Listen via built-in speakers or connect using Bluetooth or the headphone jack. Download Luna App on Fire tablets to stream Luna games directly from the cloud. Prime members play a rotating selection of games on the Prime Gaming Channel for free.<\/p>\n<p><img fetchpriority=\"high\" decoding=\"async\" class=\"wp-image-5672 alignleft\" src=\"https:\/\/haventechstore.com\/wp-content\/uploads\/2023\/07\/4-300x300.webp\" alt=\"\" width=\"290\" height=\"290\" \/><img decoding=\"async\" class=\"wp-image-5661 alignright\" src=\"https:\/\/haventechstore.com\/wp-content\/uploads\/2023\/08\/o_5004-300x300.webp\" alt=\"\" width=\"298\" height=\"298\" \/><\/p>\n<p>&nbsp;<\/p>\n<p>&nbsp;<\/p>\n<p>&nbsp;<\/p>\n<p>&nbsp;<\/p>\n<p>&nbsp;<\/p>\n<p>&nbsp;<\/p>\n<p>&nbsp;<\/p>\n<p>&nbsp;<\/p>\n<p>Perfect for unwinding \u2013 stream or download your favorite shows and movies from Netflix, Prime Video, Disney+, and others (subscription for some apps required). Listen via built-in speakers or connect using Bluetooth or the headphone jack. Download Luna App on Fire tablets to stream Luna games directly from the cloud. Prime members play a rotating selection of games on the Prime Gaming Channel for free.<\/p>\n\n    <div class=\"xs_social_share_widget xs_share_url after_content \t\tmain_content  wslu-style-1 wslu-share-box-shaped wslu-fill-colored wslu-none wslu-share-horizontal wslu-theme-font-no wslu-main_content\">\n\n\t\t\n        <ul>\n\t\t\t        <\/ul>\n    <\/div>","protected":false},"excerpt":{"rendered":"<h3>\u00c0 propos de cet article<\/h3>\n<ul>\n<li>DeX : transformez votre tablette en PC.<\/li>\n<li>Clavier non inclus. Lib\u00e9rez votre imagination.<\/li>\n<li>Gr\u00e2ce \u00e0 ses microphones \u00e0 champ lointain, votre tablette \u00e9coute et r\u00e9pond \u00e0 votre voix m\u00eame lorsqu&#8217;elle est hors de port\u00e9e.<\/li>\n<li>Sa batterie longue dur\u00e9e vous permet de diffuser en continu jusqu&#8217;\u00e0 12 heures avec une seule charge.<\/li>\n<li>\u00c9cran Super AMOLED. Net. Clair. Captivant.<\/li>\n<li>Son surround Dolby Atmos cin\u00e9matographique pour une exp\u00e9rience sonore v\u00e9ritablement cin\u00e9matographique.<\/li>\n<\/ul>","protected":false},"featured_media":5668,"comment_status":"open","ping_status":"closed","template":"","meta":[],"product_brand":[],"product_cat":[158],"product_tag":[],"class_list":{"0":"post-6497","1":"product","2":"type-product","3":"status-publish","4":"has-post-thumbnail","6":"product_cat-congelateur","8":"first","9":"instock","10":"shipping-taxable","11":"purchasable","12":"product-type-simple"},"_links":{"self":[{"href":"https:\/\/haventechstore.com\/fr\/wp-json\/wp\/v2\/product\/6497","targetHints":{"allow":["GET"]}}],"collection":[{"href":"https:\/\/haventechstore.com\/fr\/wp-json\/wp\/v2\/product"}],"about":[{"href":"https:\/\/haventechstore.com\/fr\/wp-json\/wp\/v2\/types\/product"}],"replies":[{"embeddable":true,"href":"https:\/\/haventechstore.com\/fr\/wp-json\/wp\/v2\/comments?post=6497"}],"wp:featuredmedia":[{"embeddable":true,"href":"https:\/\/haventechstore.com\/fr\/wp-json\/wp\/v2\/media\/5668"}],"wp:attachment":[{"href":"https:\/\/haventechstore.com\/fr\/wp-json\/wp\/v2\/media?parent=6497"}],"wp:term":[{"taxonomy":"product_brand","embeddable":true,"href":"https:\/\/haventechstore.com\/fr\/wp-json\/wp\/v2\/product_brand?post=6497"},{"taxonomy":"product_cat","embeddable":true,"href":"https:\/\/haventechstore.com\/fr\/wp-json\/wp\/v2\/product_cat?post=6497"},{"taxonomy":"product_tag","embeddable":true,"href":"https:\/\/haventechstore.com\/fr\/wp-json\/wp\/v2\/product_tag?post=6497"}],"curies":[{"name":"wp","href":"https:\/\/api.w.org\/{rel}","templated":true}]}}